{"id":3958,"date":"2021-11-05T15:39:31","date_gmt":"2021-11-05T14:39:31","guid":{"rendered":"https:\/\/shop.goldandgold.it\/conditions-of-sale\/"},"modified":"2021-11-08T11:39:09","modified_gmt":"2021-11-08T10:39:09","slug":"conditions-of-sale","status":"publish","type":"page","link":"https:\/\/shop.goldandgold.it\/en\/conditions-of-sale\/","title":{"rendered":"Conditions of Sale"},"content":{"rendered":"<div id='av_section_1'  class='avia-section av-bilqd-0e251615d3728552b9a6e471902cbded main_color avia-section-default avia-no-border-styling  avia-builder-el-0  avia-builder-el-no-sibling  avia-bg-style-scroll container_wrap sidebar_left'  ><div class='container av-section-cont-open' ><main  role=\"main\" itemprop=\"mainContentOfPage\"  class='template-page content  av-content-small units'><div class='post-entry post-entry-type-page post-entry-3958'><div class='entry-content-wrapper clearfix'>\n\n<style type=\"text\/css\" data-created_by=\"avia_inline_auto\" id=\"style-css-av-e716l-1dca845d714cffbccd14189bd9880f91\">\n.flex_column.av-e716l-1dca845d714cffbccd14189bd9880f91{\n-webkit-border-radius:0px 0px 0px 0px;\n-moz-border-radius:0px 0px 0px 0px;\nborder-radius:0px 0px 0px 0px;\npadding:0px 0px 0px 0px;\n}\n<\/style>\n<div class='flex_column av-e716l-1dca845d714cffbccd14189bd9880f91 av_three_fourth  avia-builder-el-1  el_before_av_three_fourth  avia-builder-el-first  first flex_column_div av-zero-column-padding '     ><section  class='av_textblock_section av-kuwzhc6r-9b7982f3402fa9ec6ec7c3fad2875621'  itemscope=\"itemscope\" itemtype=\"https:\/\/schema.org\/CreativeWork\" ><div class='avia_textblock'  itemprop=\"text\" ><h1>Condizioni di Vendita<\/h1>\n<h3>Art. 1 Disposizioni generali<\/h3>\n<p>1.1 Le presenti condizioni generali, salvo eventuali deroghe specificatamente concordate per iscritto, disciplinano tutti gli attuali e futuri contratti di vendita tra le parti.<\/p>\n<h3>Art. 2 Formazione ed oggetto del contratto. Annullamento ordini<\/h3>\n<p>2.1 Ogni ordine impegna G&amp;G SRL solo dopo la sua accettazione scritta. L\u2019accettazione dell\u2019ordine da parte di G&amp;G SRL pu\u00f2 consistere anche nella sua esecuzione.<\/p>\n<p>2.2. L\u2019ordine dell\u2019acquirente costituisce proposta d\u2019acquisto. Nessun ordine pu\u00f2 essere annullato senza il consenso scritto di G&amp;G SRL. In caso di annullamento degli ordini senza consenso scritto la G&amp;G SRL si riserva anche la facolt\u00e0 di richiedere il risarcimento del danno. G&amp;G SRL si riserva la facolt\u00e0 di annullare integralmente ovvero parzialmente gli ordini gi\u00e0 accettati o di ritardarne la consegna.<\/p>\n<h3>Art. 3 Consegna e termini<\/h3>\n<p>3.1 I prodotti, se disponibili, verranno consegnati entro il termine di 3-5 giorni lavorativi (da 5 a 7 giorni lavorativi per Sardegna, Sicilia e Isole), e tali termini non sono da intendersi essenziali.<\/p>\n<p>3.2 Le spese di spedizione saranno gratis per acquisti superiori a \u20ac39.90, per tutti gli altri acquisti ammontano a \u20ac 5.90 per l\u2019Italia<\/p>\n<p>3.3 Tutti i rischi concernenti i prodotti forniti da G&amp;G SRL passeranno all\u2019acquirente al momento della loro consegna al vettore.<\/p>\n<p>3.4 G&amp;G SRL in nessun caso potr\u00e0 essere considerata responsabile nei confronti dell\u2019acquirente per la perdita, il furto o i danni che si verifichino dopo la consegna al vettore.<\/p>\n<p>3.5 Le consegne potranno in qualsiasi momento essere interrotte, sospese, o annullate dalla G&amp;G SRL, senza alcun obbligo di risarcimento danni.<\/p>\n<p>3.6 I termini di consegna si intendono solo indicativi e non perentori, riferiti a giornate lavorative decorrenti dalla data di arrivo alla sede della\/e proposte d\u2019ordine. Gli eventuali ritardi non possono dar luogo a risarcimento di danni n\u00e9 ad annullamento o riduzione dell\u2019ordinazione e gli imprevisti, come scioperi, sospensioni di energia elettrica, incendi, difficolt\u00e0 di trasporti, guasti alle macchine, difficolt\u00e0 di rifornimento di materie prime, ecc., costituiscono casi di forza maggiore per la G&amp;G SRL. In caso di mancata consegna della merce approntata, per ragioni non dipendenti dalla G&amp;G SRL, decorreranno le spese di magazzinaggio per l\u2019acquirente con esonero della G&amp;G SRL da ogni responsabilit\u00e0 per incendio o danneggiamenti.<\/p>\n<p>3.7 Nei casi di mancato ritiro l\u2019acquirente sar\u00e0 comunque tenuto al pagamento delle spese di giacenza e la G&amp;G SRL avr\u00e0 la facolt\u00e0 di incaricare un vettore di fiducia al ritiro della merce a spese dell\u2019acquirente.<\/p>\n<h3>Art. 4 Nuovi ordini \u2013 Integrazioni<\/h3>\n<p>4.1 Tutti gli ordini in aggiunta alla fornitura principale saranno sempre soggette alle presenti condizioni generali di vendita.<\/p>\n<h3>Art. 5 Prezzi<\/h3>\n<p>5.1 I prezzi si intendono IVA inclusa e sono quelli riportati sui listini vigenti al momento dell\u2019ordine.<\/p>\n<p>5.2 I prezzi, e gli sconti sono suscettibili di variazione senza obbligo di preavviso da parte di G&amp;G SRL<\/p>\n<p>5.3 Tutte le proposte d\u2019ordine ricevute dopo l\u2019avvenuta modifica dei listini, nonch\u00e9 le spedizioni programmate oltre i trenta giorni dalla comunicazione della variazione, sono soggetti ai nuovi prezzi.<\/p>\n<h3>Art. 6 Reclami e restituzioni<\/h3>\n<p>6.1 I reclami di qualsiasi genere dovranno essere documentati e fatti pervenire a mezzo lettera raccomandata direttamente alla sede della G&amp;G SRL in Via Danubio 87\/89 50019 Sesto F.no (FI) Il termine di scadenza per le restituzioni \u00e8 di 1 mese dal ricevimento merce; tale termine \u00e8 pi\u00f9 favorevole rispetto ai soli 14 giorni previsti dalla normativa vigente<\/p>\n<p>6.2 la G&amp;G SRL si riserva il diritto di rifiutare le restituzioni inviate o comunicate oltre il termine, o quegli articoli che non presentino le condizioni di ricezione del prodotto.<\/p>\n<p>6.3 Una volta autorizzato il rientro della merce, la G&amp;G SRL invier\u00e0 un corriere a ritirare il pacco entro 1-2 giorni lavorati. Gli articoli dovranno essere riconsegnati con l\u2019imballo originale e accompagnati dallo scontrino fiscale,<\/p>\n<p>6.3 Ogni altra forma di comunicazione dell\u2019esistenza di vizi e\/o difetti e\/o mancanza di conformit\u00e0 della merce compravenduta non sar\u00e0 idonea ad interrompere la decadenza di legge se non effettuata nelle forme previste ai superiori commi.<\/p>\n<p>6.4 Una volta approvata la restituzione, l\u2019acquirente ricever\u00e0 l&#8217;importo pagato nella stessa modalit\u00e0 con cui hai effettuato l&#8217;acquisto.<\/p>\n<p>6.5 La restituzione \u00e8 sempre gratuita entro il termine sopra indicato per l&#8217;Italia, mentre per l&#8217;estero \u00e8 richiesto un importo pari alle spese di spedizione.<\/p>\n<p>6.6 Non saranno presi in esame quei reclami che pervenissero con modalit\u00e0 diverse da quanto sopra previsto.<\/p>\n<p>6.7 L\u2019eventuale accredito avr\u00e0 corso solo dopo che la G&amp;G SRL avr\u00e0 autorizzato il ritiro, e ricevuto di ritorno la merce contestata e verificate le causali del reclamo stesso.<br \/>\nQualora dall\u2019analisi del materiale reso le causali del reclamo non fossero imputabili alla G&amp;G SRL, l\u2019acquirente non avr\u00e0 diritto ad alcun accredito.<\/p>\n<h3>Art. 7 Pagamenti<\/h3>\n<p>7.1 I pagamenti non sono validi se non fatti direttamente alla G&amp;G SRL.<\/p>\n<p>7.2 I pagamenti non potranno mai essere sospesi, n\u00e9 ritardati \u2013 neppure in parte \u2013 per alcun titolo ed \u00e8 precluso all\u2019Acquirente di sollevare qualsiasi contestazione prima di aver correttamente adempiuto all\u2019obbligazione di pagamento.<\/p>\n<p>7.3 Qualsiasi ritardo o irregolarit\u00e0 nel pagamento d\u00e0 a G&amp;G SRL il diritto di sospendere le forniture o di risolvere i contratti in corso, anche se non relativi ai pagamenti in questione, nonch\u00e9 il diritto al risarcimento degli eventuali danni (compresi quelli di svalutazione della moneta). G&amp;G SRL ha in ogni caso diritto \u2013 a decorrere dalla scadenza del pagamento, senza necessit\u00e0 di messa in mora- agli interessi legali, maggiorati di cinque punti.<\/p>\n<p>7.4 Non \u00e8 ammessa compensazione con eventuali crediti vantati dall\u2019Acquirente nei confronti di G&amp;G SRL se non dietro autorizzazione scritta della azienda stessa. In caso di mancato pagamento, anche solo parziale, G&amp;G SRL ha la facolt\u00e0- a sua discrezione- di richiedere all\u2019acquirente il pagamento dell\u2019intero importo del contratto ovvero di dichiarare risolto il contratto con il diritto di ottenere la restituzione dei prodotti consegnati e di trattenere, a titolo di risarcimento danni, le somme sino a quel momento incassate, salva ogni altra azione per il maggior danno.<\/p>\n<\/div><\/section><br \/>\n<\/p><\/div>\n<style type=\"text\/css\" data-created_by=\"avia_inline_auto\" id=\"style-css-av-sauth-523cc402bdaa38008a0788d81df91d5e\">\n.flex_column.av-sauth-523cc402bdaa38008a0788d81df91d5e{\n-webkit-border-radius:0px 0px 0px 0px;\n-moz-border-radius:0px 0px 0px 0px;\nborder-radius:0px 0px 0px 0px;\npadding:0px 0px 0px 0px;\n}\n<\/style>\n<div class='flex_column av-sauth-523cc402bdaa38008a0788d81df91d5e av_three_fourth  avia-builder-el-4  el_after_av_three_fourth  el_before_av_three_fourth  first flex_column_div av-zero-column-padding column-top-margin'     id=\"pagamenti\"  ><section  class='av_textblock_section av-kuwzuw8p-a5534761395b96fbd8a756304999fb55'  itemscope=\"itemscope\" itemtype=\"https:\/\/schema.org\/CreativeWork\" ><div class='avia_textblock'  itemprop=\"text\" ><h1>Condizioni di Pagamento<\/h1>\n<p>Abbiamo a vostra disposizione i seguenti metodi di pagamento: Visa, Visa electron, Mastercard,\u00a0 Paypal e Coupon.<\/p>\n<\/div><\/section><\/div>\n<style type=\"text\/css\" data-created_by=\"avia_inline_auto\" id=\"style-css-av-g6wdh-5b44e69a074fe79dd273b81463c8be35\">\n.flex_column.av-g6wdh-5b44e69a074fe79dd273b81463c8be35{\n-webkit-border-radius:0px 0px 0px 0px;\n-moz-border-radius:0px 0px 0px 0px;\nborder-radius:0px 0px 0px 0px;\npadding:0px 0px 0px 0px;\n}\n<\/style>\n<div class='flex_column av-g6wdh-5b44e69a074fe79dd273b81463c8be35 av_three_fourth  avia-builder-el-6  el_after_av_three_fourth  avia-builder-el-last  first flex_column_div av-zero-column-padding column-top-margin'     id=\"recesso\"  ><section  class='av_textblock_section av-kuwzvnar-2d67c7550ecb4b74e06cd52ef1d95a65'  itemscope=\"itemscope\" itemtype=\"https:\/\/schema.org\/CreativeWork\" ><div class='avia_textblock'  itemprop=\"text\" ><h1>Diritto di recesso<\/h1>\n<p>Il termine di scadenza per le restituzioni \u00e8 di 1 mese dal ricevimento merce; tale termine \u00e8 pi\u00f9 favorevole rispetto ai soli 14 giorni previsti dalla normativa vigente.<\/p>\n<\/div><\/section><\/div><\/div><\/div><\/main><!-- close content main element --><\/div><\/div><div id='after_section_1'  class='main_color av_default_container_wrap container_wrap sidebar_left'  ><div class='container av-section-cont-open' ><div class='template-page content  av-content-small units'><div class='post-entry post-entry-type-page post-entry-3958'><div class='entry-content-wrapper clearfix'>\n","protected":false},"excerpt":{"rendered":"","protected":false},"author":1,"featured_media":0,"parent":0,"menu_order":0,"comment_status":"closed","ping_status":"closed","template":"","meta":[],"yoast_head":"<!-- This site is optimized with the Yoast SEO plugin v19.9 - https:\/\/yoast.com\/wordpress\/plugins\/seo\/ -->\n<title>Conditions of Sale - Gold&amp;Gold<\/title>\n<meta name=\"robots\" content=\"index, follow, max-snippet:-1, max-image-preview:large, max-video-preview:-1\" \/>\n<link rel=\"canonical\" href=\"https:\/\/shop.goldandgold.it\/en\/conditions-of-sale\/\" \/>\n<meta property=\"og:locale\" content=\"en_US\" \/>\n<meta property=\"og:type\" content=\"article\" \/>\n<meta property=\"og:title\" content=\"Conditions of Sale - Gold&amp;Gold\" \/>\n<meta property=\"og:url\" content=\"https:\/\/shop.goldandgold.it\/en\/conditions-of-sale\/\" \/>\n<meta property=\"og:site_name\" content=\"Gold&amp;Gold\" \/>\n<meta property=\"article:modified_time\" content=\"2021-11-08T10:39:09+00:00\" \/>\n<meta name=\"twitter:card\" content=\"summary_large_image\" \/>\n<meta name=\"twitter:label1\" content=\"Est. reading time\" \/>\n\t<meta name=\"twitter:data1\" content=\"10 minutes\" \/>\n<script type=\"application\/ld+json\" class=\"yoast-schema-graph\">{\"@context\":\"https:\/\/schema.org\",\"@graph\":[{\"@type\":\"WebPage\",\"@id\":\"https:\/\/shop.goldandgold.it\/en\/conditions-of-sale\/\",\"url\":\"https:\/\/shop.goldandgold.it\/en\/conditions-of-sale\/\",\"name\":\"Conditions of Sale - Gold&amp;Gold\",\"isPartOf\":{\"@id\":\"https:\/\/shop.goldandgold.it\/en\/#website\"},\"datePublished\":\"2021-11-05T14:39:31+00:00\",\"dateModified\":\"2021-11-08T10:39:09+00:00\",\"breadcrumb\":{\"@id\":\"https:\/\/shop.goldandgold.it\/en\/conditions-of-sale\/#breadcrumb\"},\"inLanguage\":\"en-US\",\"potentialAction\":[{\"@type\":\"ReadAction\",\"target\":[\"https:\/\/shop.goldandgold.it\/en\/conditions-of-sale\/\"]}]},{\"@type\":\"BreadcrumbList\",\"@id\":\"https:\/\/shop.goldandgold.it\/en\/conditions-of-sale\/#breadcrumb\",\"itemListElement\":[{\"@type\":\"ListItem\",\"position\":1,\"name\":\"Home\",\"item\":\"https:\/\/shop.goldandgold.it\/en\/home-eng\/\"},{\"@type\":\"ListItem\",\"position\":2,\"name\":\"Conditions of Sale\"}]},{\"@type\":\"WebSite\",\"@id\":\"https:\/\/shop.goldandgold.it\/en\/#website\",\"url\":\"https:\/\/shop.goldandgold.it\/en\/\",\"name\":\"Gold&amp;Gold\",\"description\":\"Un&#039;azienda giovane e dinamica che si rivolge ad una donna di tendenza capace di osare anche nel modo di apparire.\",\"potentialAction\":[{\"@type\":\"SearchAction\",\"target\":{\"@type\":\"EntryPoint\",\"urlTemplate\":\"https:\/\/shop.goldandgold.it\/en\/?s={search_term_string}\"},\"query-input\":\"required name=search_term_string\"}],\"inLanguage\":\"en-US\"}]}<\/script>\n<!-- \/ Yoast SEO plugin. -->","yoast_head_json":{"title":"Conditions of Sale - Gold&amp;Gold","robots":{"index":"index","follow":"follow","max-snippet":"max-snippet:-1","max-image-preview":"max-image-preview:large","max-video-preview":"max-video-preview:-1"},"canonical":"https:\/\/shop.goldandgold.it\/en\/conditions-of-sale\/","og_locale":"en_US","og_type":"article","og_title":"Conditions of Sale - Gold&amp;Gold","og_url":"https:\/\/shop.goldandgold.it\/en\/conditions-of-sale\/","og_site_name":"Gold&amp;Gold","article_modified_time":"2021-11-08T10:39:09+00:00","twitter_card":"summary_large_image","twitter_misc":{"Est. reading time":"10 minutes"},"schema":{"@context":"https:\/\/schema.org","@graph":[{"@type":"WebPage","@id":"https:\/\/shop.goldandgold.it\/en\/conditions-of-sale\/","url":"https:\/\/shop.goldandgold.it\/en\/conditions-of-sale\/","name":"Conditions of Sale - Gold&amp;Gold","isPartOf":{"@id":"https:\/\/shop.goldandgold.it\/en\/#website"},"datePublished":"2021-11-05T14:39:31+00:00","dateModified":"2021-11-08T10:39:09+00:00","breadcrumb":{"@id":"https:\/\/shop.goldandgold.it\/en\/conditions-of-sale\/#breadcrumb"},"inLanguage":"en-US","potentialAction":[{"@type":"ReadAction","target":["https:\/\/shop.goldandgold.it\/en\/conditions-of-sale\/"]}]},{"@type":"BreadcrumbList","@id":"https:\/\/shop.goldandgold.it\/en\/conditions-of-sale\/#breadcrumb","itemListElement":[{"@type":"ListItem","position":1,"name":"Home","item":"https:\/\/shop.goldandgold.it\/en\/home-eng\/"},{"@type":"ListItem","position":2,"name":"Conditions of Sale"}]},{"@type":"WebSite","@id":"https:\/\/shop.goldandgold.it\/en\/#website","url":"https:\/\/shop.goldandgold.it\/en\/","name":"Gold&amp;Gold","description":"Un&#039;azienda giovane e dinamica che si rivolge ad una donna di tendenza capace di osare anche nel modo di apparire.","potentialAction":[{"@type":"SearchAction","target":{"@type":"EntryPoint","urlTemplate":"https:\/\/shop.goldandgold.it\/en\/?s={search_term_string}"},"query-input":"required name=search_term_string"}],"inLanguage":"en-US"}]}},"_links":{"self":[{"href":"https:\/\/shop.goldandgold.it\/en\/wp-json\/wp\/v2\/pages\/3958"}],"collection":[{"href":"https:\/\/shop.goldandgold.it\/en\/wp-json\/wp\/v2\/pages"}],"about":[{"href":"https:\/\/shop.goldandgold.it\/en\/wp-json\/wp\/v2\/types\/page"}],"author":[{"embeddable":true,"href":"https:\/\/shop.goldandgold.it\/en\/wp-json\/wp\/v2\/users\/1"}],"replies":[{"embeddable":true,"href":"https:\/\/shop.goldandgold.it\/en\/wp-json\/wp\/v2\/comments?post=3958"}],"version-history":[{"count":4,"href":"https:\/\/shop.goldandgold.it\/en\/wp-json\/wp\/v2\/pages\/3958\/revisions"}],"predecessor-version":[{"id":4084,"href":"https:\/\/shop.goldandgold.it\/en\/wp-json\/wp\/v2\/pages\/3958\/revisions\/4084"}],"wp:attachment":[{"href":"https:\/\/shop.goldandgold.it\/en\/wp-json\/wp\/v2\/media?parent=3958"}],"curies":[{"name":"wp","href":"https:\/\/api.w.org\/{rel}","templated":true}]}}